{"id":2,"date":"2026-02-17T18:03:37","date_gmt":"2026-02-17T18:03:37","guid":{"rendered":"http:\/\/test.jazz-en-herbe.fr\/?page_id=2"},"modified":"2026-03-31T17:16:19","modified_gmt":"2026-03-31T17:16:19","slug":"notre-histoire","status":"publish","type":"page","link":"https:\/\/test.jazz-en-herbe.fr\/index.php\/notre-histoire\/","title":{"rendered":"Notre histoire"},"content":{"rendered":"\t\t<div data-elementor-type=\"wp-page\" data-elementor-id=\"2\" class=\"elementor elementor-2\">\n\t\t\t\t<div class=\"elementor-element elementor-element-2877bef7 e-flex e-con-boxed e-con e-parent\" data-id=\"2877bef7\" data-element_type=\"container\" data-e-type=\"container\">\n\t\t\t\t\t<div class=\"e-con-inner\">\n\t\t\t\t\t<\/div>\n\t\t\t\t<\/div>\n\t\t<div class=\"elementor-element elementor-element-56af4a3 e-flex e-con-boxed e-con e-parent\" data-id=\"56af4a3\" data-element_type=\"container\" data-e-type=\"container\">\n\t\t\t\t\t<div class=\"e-con-inner\">\n\t\t\t\t<div class=\"elementor-element elementor-element-413928c elementor-widget elementor-widget-spacer\" data-id=\"413928c\" data-element_type=\"widget\" data-e-type=\"widget\" data-widget_type=\"spacer.default\">\n\t\t\t\t\t\t\t<div class=\"elementor-spacer\">\n\t\t\t<div class=\"elementor-spacer-inner\"><\/div>\n\t\t<\/div>\n\t\t\t\t\t\t<\/div>\n\t\t\t\t\t<\/div>\n\t\t\t\t<\/div>\n\t\t<div class=\"elementor-element elementor-element-d985d49 e-flex e-con-boxed e-con e-parent\" data-id=\"d985d49\" data-element_type=\"container\" data-e-type=\"container\">\n\t\t\t\t\t<div class=\"e-con-inner\">\n\t\t\t\t<div class=\"elementor-element elementor-element-d15301c elementor-invisible elementor-widget elementor-widget-heading\" data-id=\"d15301c\" data-element_type=\"widget\" data-e-type=\"widget\" data-settings=\"{&quot;_animation&quot;:&quot;fadeInLeft&quot;}\" data-widget_type=\"heading.default\">\n\t\t\t\t\t<h2 class=\"elementor-heading-title elementor-size-default\">Jazz en Herbe...<\/h2>\t\t\t\t<\/div>\n\t\t\t\t\t<\/div>\n\t\t\t\t<\/div>\n\t\t<div class=\"elementor-element elementor-element-55f71b9 e-flex e-con-boxed e-con e-parent\" data-id=\"55f71b9\" data-element_type=\"container\" data-e-type=\"container\">\n\t\t\t\t\t<div class=\"e-con-inner\">\n\t\t\t\t<div class=\"elementor-element elementor-element-9af7102 elementor-invisible elementor-widget elementor-widget-heading\" data-id=\"9af7102\" data-element_type=\"widget\" data-e-type=\"widget\" data-settings=\"{&quot;_animation&quot;:&quot;fadeInRight&quot;}\" data-widget_type=\"heading.default\">\n\t\t\t\t\t<h2 class=\"elementor-heading-title elementor-size-default\">d\u00e9j\u00e0 40 ans d'histoire !<\/h2>\t\t\t\t<\/div>\n\t\t\t\t\t<\/div>\n\t\t\t\t<\/div>\n\t\t<div class=\"elementor-element elementor-element-c513bca e-flex e-con-boxed e-con e-parent\" data-id=\"c513bca\" data-element_type=\"container\" data-e-type=\"container\">\n\t\t\t\t\t<div class=\"e-con-inner\">\n\t\t<div class=\"elementor-element elementor-element-8a3e295 e-con-full e-flex e-con e-child\" data-id=\"8a3e295\" data-element_type=\"container\" data-e-type=\"container\">\n\t\t<div class=\"elementor-element elementor-element-1fa7ff9 e-con-full e-flex e-con e-child\" data-id=\"1fa7ff9\" data-element_type=\"container\" data-e-type=\"container\">\n\t\t\t\t<div class=\"elementor-element elementor-element-a51f0d6 elementor-widget elementor-widget-image\" data-id=\"a51f0d6\" data-element_type=\"widget\" data-e-type=\"widget\" data-widget_type=\"image.default\">\n\t\t\t\t\t\t\t\t\t\t\t\t\t\t\t<img decoding=\"async\" src=\"https:\/\/test.jazz-en-herbe.fr\/wp-content\/plugins\/elementor\/assets\/images\/placeholder.png\" title=\"\" alt=\"\" loading=\"lazy\" \/>\t\t\t\t\t\t\t\t\t\t\t\t\t\t\t<\/div>\n\t\t\t\t<\/div>\n\t\t\t\t<\/div>\n\t\t<div class=\"elementor-element elementor-element-f8b5d46 e-con-full e-flex e-con e-child\" data-id=\"f8b5d46\" data-element_type=\"container\" data-e-type=\"container\">\n\t\t\t\t<div class=\"elementor-element elementor-element-5bd9559 elementor-widget elementor-widget-text-editor\" data-id=\"5bd9559\" data-element_type=\"widget\" data-e-type=\"widget\" data-widget_type=\"text-editor.default\">\n\t\t\t\t\t\t\t\t\t<div class=\"page\" title=\"Page 1\"><div class=\"layoutArea\"><div class=\"column\"><p>En 1986, trois musiciens de la r\u00e9gion tournusienne, Daniel Pasquier, Jean-Michel Dubois et Jean-Pierre Chabridon d\u00e9cid\u00e8rent de cr\u00e9er un stage de musique orient\u00e9 vers le jazz et les musiques improvis\u00e9es. L\u2019objectif, faire d\u00e9couvrir cet univers musical \u00e0 des enfants et adolescents durant une dizaine de jours pendant l\u2019\u00e9t\u00e9.<br \/>Ainsi, depuis bient\u00f4t 40 ans, les stages se succ\u00e8dent chaque \u00e9t\u00e9 avec deux sessions de 11 jours, ouvertes aux 10-16 ans. En parall\u00e8le de ces s\u00e9jours, l\u2019association propose \u00e9galement une programmation d\u2019artistes locaux et nationaux : l\u2019Estival.<\/p><\/div><\/div><\/div>\t\t\t\t\t\t\t\t<\/div>\n\t\t\t\t<\/div>\n\t\t\t\t\t<\/div>\n\t\t\t\t<\/div>\n\t\t<div class=\"elementor-element elementor-element-8a1ddab e-flex e-con-boxed e-con e-parent\" data-id=\"8a1ddab\" data-element_type=\"container\" data-e-type=\"container\">\n\t\t\t\t\t<div class=\"e-con-inner\">\n\t\t\t\t<div class=\"elementor-element elementor-element-14eedda elementor-widget elementor-widget-spacer\" data-id=\"14eedda\" data-element_type=\"widget\" data-e-type=\"widget\" data-widget_type=\"spacer.default\">\n\t\t\t\t\t\t\t<div class=\"elementor-spacer\">\n\t\t\t<div class=\"elementor-spacer-inner\"><\/div>\n\t\t<\/div>\n\t\t\t\t\t\t<\/div>\n\t\t\t\t\t<\/div>\n\t\t\t\t<\/div>\n\t\t<div class=\"elementor-element elementor-element-4318ef8 e-flex e-con-boxed e-con e-parent\" data-id=\"4318ef8\" data-element_type=\"container\" data-e-type=\"container\">\n\t\t\t\t\t<div class=\"e-con-inner\">\n\t\t\t\t<div class=\"elementor-element elementor-element-2f41986 elementor-widget elementor-widget-html\" data-id=\"2f41986\" data-element_type=\"widget\" data-e-type=\"widget\" data-widget_type=\"html.default\">\n\t\t\t\t\t<iframe src='https:\/\/cdn.knightlab.com\/libs\/timeline3\/latest\/embed\/index.html?source=v2%3A2PACX-1vQjYUX8GnD93QoabmD35JRSsC_zxiUVkz5uV1zPpNImjjdE2000eYdlPfeQt0o6b5owU8Hl8QH-aJsR&font=Default&lang=fr&initial_zoom=2&width=100%25&height=650' width='100%' height='650' webkitallowfullscreen mozallowfullscreen allowfullscreen frameborder='0'><\/iframe>\t\t\t\t<\/div>\n\t\t\t\t\t<\/div>\n\t\t\t\t<\/div>\n\t\t<div class=\"elementor-element elementor-element-b2f6518 e-flex e-con-boxed e-con e-parent\" data-id=\"b2f6518\" data-element_type=\"container\" data-e-type=\"container\">\n\t\t\t\t\t<div class=\"e-con-inner\">\n\t\t\t\t<div class=\"elementor-element elementor-element-39cb278 elementor-widget elementor-widget-spacer\" data-id=\"39cb278\" data-element_type=\"widget\" data-e-type=\"widget\" data-widget_type=\"spacer.default\">\n\t\t\t\t\t\t\t<div class=\"elementor-spacer\">\n\t\t\t<div class=\"elementor-spacer-inner\"><\/div>\n\t\t<\/div>\n\t\t\t\t\t\t<\/div>\n\t\t\t\t\t<\/div>\n\t\t\t\t<\/div>\n\t\t\t\t<\/div>\n\t\t","protected":false},"excerpt":{"rendered":"<p>Jazz en Herbe&#8230; d\u00e9j\u00e0 40 ans d&rsquo;histoire ! En 1986, trois musiciens de la r\u00e9gion tournusienne, Daniel Pasquier, Jean-Michel Dubois et Jean-Pierre Chabridon d\u00e9cid\u00e8rent de cr\u00e9er un stage de musique orient\u00e9 vers le jazz et les musiques improvis\u00e9es. L\u2019objectif, faire d\u00e9couvrir cet univers musical \u00e0 des enfants et adolescents durant une dizaine de jours pendant [&hellip;]<\/p>\n","protected":false},"author":1,"featured_media":0,"parent":0,"menu_order":0,"comment_status":"closed","ping_status":"closed","template":"elementor_header_footer","meta":{"footnotes":""},"class_list":["post-2","page","type-page","status-publish","hentry"],"_links":{"self":[{"href":"https:\/\/test.jazz-en-herbe.fr\/index.php\/wp-json\/wp\/v2\/pages\/2","targetHints":{"allow":["GET"]}}],"collection":[{"href":"https:\/\/test.jazz-en-herbe.fr\/index.php\/wp-json\/wp\/v2\/pages"}],"about":[{"href":"https:\/\/test.jazz-en-herbe.fr\/index.php\/wp-json\/wp\/v2\/types\/page"}],"author":[{"embeddable":true,"href":"https:\/\/test.jazz-en-herbe.fr\/index.php\/wp-json\/wp\/v2\/users\/1"}],"replies":[{"embeddable":true,"href":"https:\/\/test.jazz-en-herbe.fr\/index.php\/wp-json\/wp\/v2\/comments?post=2"}],"version-history":[{"count":16,"href":"https:\/\/test.jazz-en-herbe.fr\/index.php\/wp-json\/wp\/v2\/pages\/2\/revisions"}],"predecessor-version":[{"id":406,"href":"https:\/\/test.jazz-en-herbe.fr\/index.php\/wp-json\/wp\/v2\/pages\/2\/revisions\/406"}],"wp:attachment":[{"href":"https:\/\/test.jazz-en-herbe.fr\/index.php\/wp-json\/wp\/v2\/media?parent=2"}],"curies":[{"name":"wp","href":"https:\/\/api.w.org\/{rel}","templated":true}]}}