{"id":24,"date":"2026-03-18T09:49:35","date_gmt":"2026-03-18T09:49:35","guid":{"rendered":"http:\/\/test.jazz-en-herbe.fr\/?page_id=24"},"modified":"2026-03-19T08:35:12","modified_gmt":"2026-03-19T08:35:12","slug":"archives","status":"publish","type":"page","link":"https:\/\/test.jazz-en-herbe.fr\/index.php\/archives\/","title":{"rendered":"40 ans d&rsquo;archives"},"content":{"rendered":"\t\t<div data-elementor-type=\"wp-page\" data-elementor-id=\"24\" class=\"elementor elementor-24\">\n\t\t\t\t<div class=\"elementor-element elementor-element-4a92f7a e-flex e-con-boxed e-con e-parent\" data-id=\"4a92f7a\" data-element_type=\"container\" data-e-type=\"container\">\n\t\t\t\t\t<div class=\"e-con-inner\">\n\t\t\t\t<div class=\"elementor-element elementor-element-cfb860d elementor-widget elementor-widget-spacer\" data-id=\"cfb860d\" data-element_type=\"widget\" data-e-type=\"widget\" data-widget_type=\"spacer.default\">\n\t\t\t\t\t\t\t<div class=\"elementor-spacer\">\n\t\t\t<div class=\"elementor-spacer-inner\"><\/div>\n\t\t<\/div>\n\t\t\t\t\t\t<\/div>\n\t\t\t\t\t<\/div>\n\t\t\t\t<\/div>\n\t\t<div class=\"elementor-element elementor-element-3b53874 e-flex e-con-boxed e-con e-parent\" data-id=\"3b53874\" data-element_type=\"container\" data-e-type=\"container\">\n\t\t\t\t\t<div class=\"e-con-inner\">\n\t\t<div class=\"elementor-element elementor-element-2e78f36 e-con-full e-flex e-con e-child\" data-id=\"2e78f36\" data-element_type=\"container\" data-e-type=\"container\">\n\t\t\t\t<div class=\"elementor-element elementor-element-7ea54ee elementor-widget elementor-widget-heading\" data-id=\"7ea54ee\" data-element_type=\"widget\" data-e-type=\"widget\" data-widget_type=\"heading.default\">\n\t\t\t\t\t<h2 class=\"elementor-heading-title elementor-size-default\">40 ans d'archives<\/h2>\t\t\t\t<\/div>\n\t\t\t\t<\/div>\n\t\t\t\t<div class=\"elementor-element elementor-element-961e3c3 elementor-widget elementor-widget-text-editor\" data-id=\"961e3c3\" data-element_type=\"widget\" data-e-type=\"widget\" data-widget_type=\"text-editor.default\">\n\t\t\t\t\t\t\t\t\t<p>Lorem ipsum dolor sit amet, consectetur adipiscing elit. Ut elit tellus, luctus nec ullamcorper mattis, pulvinar dapibus leo.<\/p>\t\t\t\t\t\t\t\t<\/div>\n\t\t\t\t<div class=\"elementor-element elementor-element-0213128 elementor-widget elementor-widget-spacer\" data-id=\"0213128\" data-element_type=\"widget\" data-e-type=\"widget\" data-widget_type=\"spacer.default\">\n\t\t\t\t\t\t\t<div class=\"elementor-spacer\">\n\t\t\t<div class=\"elementor-spacer-inner\"><\/div>\n\t\t<\/div>\n\t\t\t\t\t\t<\/div>\n\t\t\t\t\t<\/div>\n\t\t\t\t<\/div>\n\t\t<div class=\"elementor-element elementor-element-65b65ce e-flex e-con-boxed e-con e-parent\" data-id=\"65b65ce\" data-element_type=\"container\" data-e-type=\"container\">\n\t\t\t\t\t<div class=\"e-con-inner\">\n\t\t<div class=\"elementor-element elementor-element-2c40b61 e-con-full e-flex e-con e-child\" data-id=\"2c40b61\" data-element_type=\"container\" data-e-type=\"container\">\n\t\t\t\t<div class=\"elementor-element elementor-element-df356cb gallery-spacing-custom elementor-widget elementor-widget-image-gallery\" data-id=\"df356cb\" data-element_type=\"widget\" data-e-type=\"widget\" data-widget_type=\"image-gallery.default\">\n\t\t\t\t\t\t\t<div class=\"elementor-image-gallery\">\n\t\t\t<div id='gallery-1' class='gallery galleryid-24 gallery-columns-3 gallery-size-medium'><figure class='gallery-item'>\n\t\t\t<div class='gallery-icon landscape'>\n\t\t\t\t<a data-elementor-open-lightbox=\"yes\" data-elementor-lightbox-slideshow=\"df356cb\" data-elementor-lightbox-title=\"BULOO \u00c3\u0080 JEH\" data-e-action-hash=\"#elementor-action%3Aaction%3Dlightbox%26settings%3DeyJpZCI6MjE5LCJ1cmwiOiJodHRwczpcL1wvdGVzdC5qYXp6LWVuLWhlcmJlLmZyXC93cC1jb250ZW50XC91cGxvYWRzXC8yMDI2XC8wM1wvQlVMT08tQVx1MDA4MC1KRUgtc2NhbGVkLmpwZyIsInNsaWRlc2hvdyI6ImRmMzU2Y2IifQ%3D%3D\" href='https:\/\/test.jazz-en-herbe.fr\/wp-content\/uploads\/2026\/03\/BULOO-A\u0080-JEH-scaled.jpg'><img fetchpriority=\"high\" decoding=\"async\" width=\"300\" height=\"225\" src=\"https:\/\/test.jazz-en-herbe.fr\/wp-content\/uploads\/2026\/03\/BULOO-A\u0080-JEH-300x225.jpg\" class=\"attachment-medium size-medium\" alt=\"\" aria-describedby=\"gallery-1-219\" srcset=\"https:\/\/test.jazz-en-herbe.fr\/wp-content\/uploads\/2026\/03\/BULOO-A\u0080-JEH-300x225.jpg 300w, https:\/\/test.jazz-en-herbe.fr\/wp-content\/uploads\/2026\/03\/BULOO-A\u0080-JEH-1024x768.jpg 1024w, https:\/\/test.jazz-en-herbe.fr\/wp-content\/uploads\/2026\/03\/BULOO-A\u0080-JEH-768x576.jpg 768w, https:\/\/test.jazz-en-herbe.fr\/wp-content\/uploads\/2026\/03\/BULOO-A\u0080-JEH-1536x1152.jpg 1536w, https:\/\/test.jazz-en-herbe.fr\/wp-content\/uploads\/2026\/03\/BULOO-A\u0080-JEH-2048x1536.jpg 2048w\" sizes=\"(max-width: 300px) 100vw, 300px\" \/><\/a>\n\t\t\t<\/div>\n\t\t\t\t<figcaption class='wp-caption-text gallery-caption' id='gallery-1-219'>\n\t\t\t\tL\u00e9gende &#8211; 2005\n\t\t\t\t<\/figcaption><\/figure><figure class='gallery-item'>\n\t\t\t<div class='gallery-icon landscape'>\n\t\t\t\t<a data-elementor-open-lightbox=\"yes\" data-elementor-lightbox-slideshow=\"df356cb\" data-elementor-lightbox-title=\"photo-2021-2\" data-e-action-hash=\"#elementor-action%3Aaction%3Dlightbox%26settings%3DeyJpZCI6NjYsInVybCI6Imh0dHBzOlwvXC90ZXN0LmphenotZW4taGVyYmUuZnJcL3dwLWNvbnRlbnRcL3VwbG9hZHNcLzIwMjZcLzAzXC9jcm9wcGVkLXBob3RvLTIwMjEtMi1zY2FsZWQtMi5qcGciLCJzbGlkZXNob3ciOiJkZjM1NmNiIn0%3D\" data-elementor-lightbox-description=\"http:\/\/test.jazz-en-herbe.fr\/wp-content\/uploads\/2026\/03\/cropped-photo-2021-2-scaled-2.jpg\" href='https:\/\/test.jazz-en-herbe.fr\/wp-content\/uploads\/2026\/03\/cropped-photo-2021-2-scaled-2.jpg'><img decoding=\"async\" width=\"300\" height=\"54\" src=\"https:\/\/test.jazz-en-herbe.fr\/wp-content\/uploads\/2026\/03\/cropped-photo-2021-2-scaled-2-300x54.jpg\" class=\"attachment-medium size-medium\" alt=\"\" aria-describedby=\"gallery-1-66\" srcset=\"https:\/\/test.jazz-en-herbe.fr\/wp-content\/uploads\/2026\/03\/cropped-photo-2021-2-scaled-2-300x54.jpg 300w, https:\/\/test.jazz-en-herbe.fr\/wp-content\/uploads\/2026\/03\/cropped-photo-2021-2-scaled-2-1024x183.jpg 1024w, https:\/\/test.jazz-en-herbe.fr\/wp-content\/uploads\/2026\/03\/cropped-photo-2021-2-scaled-2-768x138.jpg 768w, https:\/\/test.jazz-en-herbe.fr\/wp-content\/uploads\/2026\/03\/cropped-photo-2021-2-scaled-2-1536x275.jpg 1536w, https:\/\/test.jazz-en-herbe.fr\/wp-content\/uploads\/2026\/03\/cropped-photo-2021-2-scaled-2.jpg 1920w\" sizes=\"(max-width: 300px) 100vw, 300px\" \/><\/a>\n\t\t\t<\/div>\n\t\t\t\t<figcaption class='wp-caption-text gallery-caption' id='gallery-1-66'>\n\t\t\t\tL\u00e9gende &#8211; 2021\n\t\t\t\t<\/figcaption><\/figure><figure class='gallery-item'>\n\t\t\t<div class='gallery-icon landscape'>\n\t\t\t\t<a data-elementor-open-lightbox=\"yes\" data-elementor-lightbox-slideshow=\"df356cb\" data-elementor-lightbox-title=\"estival\" data-e-action-hash=\"#elementor-action%3Aaction%3Dlightbox%26settings%3DeyJpZCI6MTU5LCJ1cmwiOiJodHRwczpcL1wvdGVzdC5qYXp6LWVuLWhlcmJlLmZyXC93cC1jb250ZW50XC91cGxvYWRzXC8yMDI2XC8wM1wvZXN0aXZhbC0xLXNjYWxlZC1lMTc3Mzg2MzEyNTM4Mi5qcGciLCJzbGlkZXNob3ciOiJkZjM1NmNiIn0%3D\" data-elementor-lightbox-description=\"http:\/\/test.jazz-en-herbe.fr\/wp-content\/uploads\/2026\/03\/cropped-photo-2021-2-scaled-2.jpg\" href='https:\/\/test.jazz-en-herbe.fr\/wp-content\/uploads\/2026\/03\/estival-1-scaled-e1773863125382.jpg'><img decoding=\"async\" width=\"300\" height=\"207\" src=\"https:\/\/test.jazz-en-herbe.fr\/wp-content\/uploads\/2026\/03\/estival-1-scaled-e1773863125382-300x207.jpg\" class=\"attachment-medium size-medium\" alt=\"\" aria-describedby=\"gallery-1-159\" srcset=\"https:\/\/test.jazz-en-herbe.fr\/wp-content\/uploads\/2026\/03\/estival-1-scaled-e1773863125382-300x207.jpg 300w, https:\/\/test.jazz-en-herbe.fr\/wp-content\/uploads\/2026\/03\/estival-1-scaled-e1773863125382-1024x708.jpg 1024w, https:\/\/test.jazz-en-herbe.fr\/wp-content\/uploads\/2026\/03\/estival-1-scaled-e1773863125382-768x531.jpg 768w, https:\/\/test.jazz-en-herbe.fr\/wp-content\/uploads\/2026\/03\/estival-1-scaled-e1773863125382-1536x1062.jpg 1536w, https:\/\/test.jazz-en-herbe.fr\/wp-content\/uploads\/2026\/03\/estival-1-scaled-e1773863125382-2048x1416.jpg 2048w\" sizes=\"(max-width: 300px) 100vw, 300px\" \/><\/a>\n\t\t\t<\/div>\n\t\t\t\t<figcaption class='wp-caption-text gallery-caption' id='gallery-1-159'>\n\t\t\t\tL\u00e9gende &#8211; 2016\n\t\t\t\t<\/figcaption><\/figure><figure class='gallery-item'>\n\t\t\t<div class='gallery-icon portrait'>\n\t\t\t\t<a data-elementor-open-lightbox=\"yes\" data-elementor-lightbox-slideshow=\"df356cb\" data-elementor-lightbox-title=\"logo-jeh-gen\" data-e-action-hash=\"#elementor-action%3Aaction%3Dlightbox%26settings%3DeyJpZCI6NzYsInVybCI6Imh0dHBzOlwvXC90ZXN0LmphenotZW4taGVyYmUuZnJcL3dwLWNvbnRlbnRcL3VwbG9hZHNcLzIwMjZcLzAzXC9sb2dvLWplaC1nZW4tMS5wbmciLCJzbGlkZXNob3ciOiJkZjM1NmNiIn0%3D\" data-elementor-lightbox-description=\"http:\/\/test.jazz-en-herbe.fr\/wp-content\/uploads\/2026\/03\/cropped-photo-2021-2-scaled-2.jpg\" href='https:\/\/test.jazz-en-herbe.fr\/wp-content\/uploads\/2026\/03\/logo-jeh-gen-1.png'><img loading=\"lazy\" decoding=\"async\" width=\"227\" height=\"300\" src=\"https:\/\/test.jazz-en-herbe.fr\/wp-content\/uploads\/2026\/03\/logo-jeh-gen-1-227x300.png\" class=\"attachment-medium size-medium\" alt=\"\" aria-describedby=\"gallery-1-76\" srcset=\"https:\/\/test.jazz-en-herbe.fr\/wp-content\/uploads\/2026\/03\/logo-jeh-gen-1-227x300.png 227w, https:\/\/test.jazz-en-herbe.fr\/wp-content\/uploads\/2026\/03\/logo-jeh-gen-1.png 635w\" sizes=\"(max-width: 227px) 100vw, 227px\" \/><\/a>\n\t\t\t<\/div>\n\t\t\t\t<figcaption class='wp-caption-text gallery-caption' id='gallery-1-76'>\n\t\t\t\tL\u00e9gende &#8211; 2021\n\t\t\t\t<\/figcaption><\/figure><figure class='gallery-item'>\n\t\t\t<div class='gallery-icon landscape'>\n\t\t\t\t<a data-elementor-open-lightbox=\"yes\" data-elementor-lightbox-slideshow=\"df356cb\" data-elementor-lightbox-title=\"photo-2021-2\" data-e-action-hash=\"#elementor-action%3Aaction%3Dlightbox%26settings%3DeyJpZCI6NjQsInVybCI6Imh0dHBzOlwvXC90ZXN0LmphenotZW4taGVyYmUuZnJcL3dwLWNvbnRlbnRcL3VwbG9hZHNcLzIwMjZcLzAzXC9waG90by0yMDIxLTItc2NhbGVkLmpwZyIsInNsaWRlc2hvdyI6ImRmMzU2Y2IifQ%3D%3D\" data-elementor-lightbox-description=\"http:\/\/test.jazz-en-herbe.fr\/wp-content\/uploads\/2026\/03\/cropped-photo-2021-2-scaled-2.jpg\" href='https:\/\/test.jazz-en-herbe.fr\/wp-content\/uploads\/2026\/03\/photo-2021-2-scaled.jpg'><img loading=\"lazy\" decoding=\"async\" width=\"300\" height=\"225\" src=\"https:\/\/test.jazz-en-herbe.fr\/wp-content\/uploads\/2026\/03\/photo-2021-2-300x225.jpg\" class=\"attachment-medium size-medium\" alt=\"\" aria-describedby=\"gallery-1-64\" srcset=\"https:\/\/test.jazz-en-herbe.fr\/wp-content\/uploads\/2026\/03\/photo-2021-2-300x225.jpg 300w, https:\/\/test.jazz-en-herbe.fr\/wp-content\/uploads\/2026\/03\/photo-2021-2-1024x768.jpg 1024w, https:\/\/test.jazz-en-herbe.fr\/wp-content\/uploads\/2026\/03\/photo-2021-2-768x576.jpg 768w, https:\/\/test.jazz-en-herbe.fr\/wp-content\/uploads\/2026\/03\/photo-2021-2-1536x1152.jpg 1536w, https:\/\/test.jazz-en-herbe.fr\/wp-content\/uploads\/2026\/03\/photo-2021-2-2048x1536.jpg 2048w\" sizes=\"(max-width: 300px) 100vw, 300px\" \/><\/a>\n\t\t\t<\/div>\n\t\t\t\t<figcaption class='wp-caption-text gallery-caption' id='gallery-1-64'>\n\t\t\t\tL\u00e9gende &#8211; 2021\n\t\t\t\t<\/figcaption><\/figure><figure class='gallery-item'>\n\t\t\t<div class='gallery-icon landscape'>\n\t\t\t\t<a data-elementor-open-lightbox=\"yes\" data-elementor-lightbox-slideshow=\"df356cb\" data-elementor-lightbox-title=\"P1070070\" data-e-action-hash=\"#elementor-action%3Aaction%3Dlightbox%26settings%3DeyJpZCI6NjcsInVybCI6Imh0dHBzOlwvXC90ZXN0LmphenotZW4taGVyYmUuZnJcL3dwLWNvbnRlbnRcL3VwbG9hZHNcLzIwMjZcLzAzXC9QMTA3MDA3MC1zY2FsZWQuanBnIiwic2xpZGVzaG93IjoiZGYzNTZjYiJ9\" data-elementor-lightbox-description=\"http:\/\/test.jazz-en-herbe.fr\/wp-content\/uploads\/2026\/03\/cropped-photo-2021-2-scaled-2.jpg\" href='https:\/\/test.jazz-en-herbe.fr\/wp-content\/uploads\/2026\/03\/P1070070-scaled.jpg'><img loading=\"lazy\" decoding=\"async\" width=\"300\" height=\"225\" src=\"https:\/\/test.jazz-en-herbe.fr\/wp-content\/uploads\/2026\/03\/P1070070-300x225.jpg\" class=\"attachment-medium size-medium\" alt=\"\" aria-describedby=\"gallery-1-67\" srcset=\"https:\/\/test.jazz-en-herbe.fr\/wp-content\/uploads\/2026\/03\/P1070070-300x225.jpg 300w, https:\/\/test.jazz-en-herbe.fr\/wp-content\/uploads\/2026\/03\/P1070070-1024x768.jpg 1024w, https:\/\/test.jazz-en-herbe.fr\/wp-content\/uploads\/2026\/03\/P1070070-768x576.jpg 768w, https:\/\/test.jazz-en-herbe.fr\/wp-content\/uploads\/2026\/03\/P1070070-1536x1152.jpg 1536w, https:\/\/test.jazz-en-herbe.fr\/wp-content\/uploads\/2026\/03\/P1070070-2048x1536.jpg 2048w\" sizes=\"(max-width: 300px) 100vw, 300px\" \/><\/a>\n\t\t\t<\/div>\n\t\t\t\t<figcaption class='wp-caption-text gallery-caption' id='gallery-1-67'>\n\t\t\t\tL\u00e9gende &#8211; 2016\n\t\t\t\t<\/figcaption><\/figure><figure class='gallery-item'>\n\t\t\t<div class='gallery-icon landscape'>\n\t\t\t\t<a data-elementor-open-lightbox=\"yes\" data-elementor-lightbox-slideshow=\"df356cb\" data-elementor-lightbox-title=\"estival\" data-e-action-hash=\"#elementor-action%3Aaction%3Dlightbox%26settings%3DeyJpZCI6NjgsInVybCI6Imh0dHBzOlwvXC90ZXN0LmphenotZW4taGVyYmUuZnJcL3dwLWNvbnRlbnRcL3VwbG9hZHNcLzIwMjZcLzAzXC9lc3RpdmFsLXNjYWxlZC1lMTc3Mzg2MzAyMjc3Ny5qcGciLCJzbGlkZXNob3ciOiJkZjM1NmNiIn0%3D\" data-elementor-lightbox-description=\"http:\/\/test.jazz-en-herbe.fr\/wp-content\/uploads\/2026\/03\/cropped-photo-2021-2-scaled-2.jpg\" href='https:\/\/test.jazz-en-herbe.fr\/wp-content\/uploads\/2026\/03\/estival-scaled-e1773863022777.jpg'><img loading=\"lazy\" decoding=\"async\" width=\"300\" height=\"201\" src=\"https:\/\/test.jazz-en-herbe.fr\/wp-content\/uploads\/2026\/03\/estival-scaled-e1773863022777-300x201.jpg\" class=\"attachment-medium size-medium\" alt=\"\" aria-describedby=\"gallery-1-68\" srcset=\"https:\/\/test.jazz-en-herbe.fr\/wp-content\/uploads\/2026\/03\/estival-scaled-e1773863022777-300x201.jpg 300w, https:\/\/test.jazz-en-herbe.fr\/wp-content\/uploads\/2026\/03\/estival-scaled-e1773863022777-1024x686.jpg 1024w, https:\/\/test.jazz-en-herbe.fr\/wp-content\/uploads\/2026\/03\/estival-scaled-e1773863022777-768x515.jpg 768w, https:\/\/test.jazz-en-herbe.fr\/wp-content\/uploads\/2026\/03\/estival-scaled-e1773863022777-1536x1029.jpg 1536w, https:\/\/test.jazz-en-herbe.fr\/wp-content\/uploads\/2026\/03\/estival-scaled-e1773863022777-2048x1372.jpg 2048w\" sizes=\"(max-width: 300px) 100vw, 300px\" \/><\/a>\n\t\t\t<\/div>\n\t\t\t\t<figcaption class='wp-caption-text gallery-caption' id='gallery-1-68'>\n\t\t\t\tL\u00e9gende &#8211; 2014\n\t\t\t\t<\/figcaption><\/figure><figure class='gallery-item'>\n\t\t\t<div class='gallery-icon portrait'>\n\t\t\t\t<a data-elementor-open-lightbox=\"yes\" data-elementor-lightbox-slideshow=\"df356cb\" data-elementor-lightbox-title=\"Fichier 22@4x\" data-e-action-hash=\"#elementor-action%3Aaction%3Dlightbox%26settings%3DeyJpZCI6NzcsInVybCI6Imh0dHBzOlwvXC90ZXN0LmphenotZW4taGVyYmUuZnJcL3dwLWNvbnRlbnRcL3VwbG9hZHNcLzIwMjZcLzAzXC9GaWNoaWVyLTIyQDR4LnBuZyIsInNsaWRlc2hvdyI6ImRmMzU2Y2IifQ%3D%3D\" data-elementor-lightbox-description=\"http:\/\/test.jazz-en-herbe.fr\/wp-content\/uploads\/2026\/03\/cropped-photo-2021-2-scaled-2.jpg\" href='https:\/\/test.jazz-en-herbe.fr\/wp-content\/uploads\/2026\/03\/Fichier-22@4x.png'><img loading=\"lazy\" decoding=\"async\" width=\"228\" height=\"300\" src=\"https:\/\/test.jazz-en-herbe.fr\/wp-content\/uploads\/2026\/03\/Fichier-22@4x-228x300.png\" class=\"attachment-medium size-medium\" alt=\"\" srcset=\"https:\/\/test.jazz-en-herbe.fr\/wp-content\/uploads\/2026\/03\/Fichier-22@4x-228x300.png 228w, https:\/\/test.jazz-en-herbe.fr\/wp-content\/uploads\/2026\/03\/Fichier-22@4x.png 534w\" sizes=\"(max-width: 228px) 100vw, 228px\" \/><\/a>\n\t\t\t<\/div><\/figure>\n\t\t<\/div>\n\t\t<\/div>\n\t\t\t\t\t\t<\/div>\n\t\t\t\t<div class=\"elementor-element elementor-element-5fff569 elementor-widget elementor-widget-spacer\" data-id=\"5fff569\" data-element_type=\"widget\" data-e-type=\"widget\" data-widget_type=\"spacer.default\">\n\t\t\t\t\t\t\t<div class=\"elementor-spacer\">\n\t\t\t<div class=\"elementor-spacer-inner\"><\/div>\n\t\t<\/div>\n\t\t\t\t\t\t<\/div>\n\t\t\t\t<\/div>\n\t\t\t\t\t<\/div>\n\t\t\t\t<\/div>\n\t\t\t\t<\/div>\n\t\t","protected":false},"excerpt":{"rendered":"<p>40 ans d&rsquo;archives Lorem ipsum dolor sit amet, consectetur adipiscing elit. Ut elit tellus, luctus nec ullamcorper mattis, pulvinar dapibus leo. L\u00e9gende &#8211; 2005 L\u00e9gende &#8211; 2021 L\u00e9gende &#8211; 2016 L\u00e9gende &#8211; 2021 L\u00e9gende &#8211; 2021 L\u00e9gende &#8211; 2016 L\u00e9gende &#8211; 2014<\/p>\n","protected":false},"author":1,"featured_media":0,"parent":0,"menu_order":0,"comment_status":"closed","ping_status":"closed","template":"elementor_header_footer","meta":{"footnotes":""},"class_list":["post-24","page","type-page","status-publish","hentry"],"_links":{"self":[{"href":"https:\/\/test.jazz-en-herbe.fr\/index.php\/wp-json\/wp\/v2\/pages\/24","targetHints":{"allow":["GET"]}}],"collection":[{"href":"https:\/\/test.jazz-en-herbe.fr\/index.php\/wp-json\/wp\/v2\/pages"}],"about":[{"href":"https:\/\/test.jazz-en-herbe.fr\/index.php\/wp-json\/wp\/v2\/types\/page"}],"author":[{"embeddable":true,"href":"https:\/\/test.jazz-en-herbe.fr\/index.php\/wp-json\/wp\/v2\/users\/1"}],"replies":[{"embeddable":true,"href":"https:\/\/test.jazz-en-herbe.fr\/index.php\/wp-json\/wp\/v2\/comments?post=24"}],"version-history":[{"count":7,"href":"https:\/\/test.jazz-en-herbe.fr\/index.php\/wp-json\/wp\/v2\/pages\/24\/revisions"}],"predecessor-version":[{"id":258,"href":"https:\/\/test.jazz-en-herbe.fr\/index.php\/wp-json\/wp\/v2\/pages\/24\/revisions\/258"}],"wp:attachment":[{"href":"https:\/\/test.jazz-en-herbe.fr\/index.php\/wp-json\/wp\/v2\/media?parent=24"}],"curies":[{"name":"wp","href":"https:\/\/api.w.org\/{rel}","templated":true}]}}