{"id":309,"date":"2026-03-19T12:17:38","date_gmt":"2026-03-19T12:17:38","guid":{"rendered":"http:\/\/test.jazz-en-herbe.fr\/?page_id=309"},"modified":"2026-03-19T12:20:19","modified_gmt":"2026-03-19T12:20:19","slug":"infos-pratiques-40-ans","status":"publish","type":"page","link":"https:\/\/test.jazz-en-herbe.fr\/index.php\/infos-pratiques-40-ans\/","title":{"rendered":"Infos pratiques &#8211; 40 ans"},"content":{"rendered":"\t\t<div data-elementor-type=\"wp-page\" data-elementor-id=\"309\" class=\"elementor elementor-309\">\n\t\t\t\t<div class=\"elementor-element elementor-element-67f2fdc e-flex e-con-boxed e-con e-parent\" data-id=\"67f2fdc\" data-element_type=\"container\" data-e-type=\"container\">\n\t\t\t\t\t<div class=\"e-con-inner\">\n\t\t\t\t<div class=\"elementor-element elementor-element-29ea250 elementor-widget elementor-widget-spacer\" data-id=\"29ea250\" data-element_type=\"widget\" data-e-type=\"widget\" data-widget_type=\"spacer.default\">\n\t\t\t\t\t\t\t<div class=\"elementor-spacer\">\n\t\t\t<div class=\"elementor-spacer-inner\"><\/div>\n\t\t<\/div>\n\t\t\t\t\t\t<\/div>\n\t\t\t\t\t<\/div>\n\t\t\t\t<\/div>\n\t\t<div class=\"elementor-element elementor-element-143730a e-flex e-con-boxed e-con e-parent\" data-id=\"143730a\" data-element_type=\"container\" data-e-type=\"container\">\n\t\t\t\t\t<div class=\"e-con-inner\">\n\t\t<div class=\"elementor-element elementor-element-e362891 e-con-full e-flex e-con e-child\" data-id=\"e362891\" data-element_type=\"container\" data-e-type=\"container\">\n\t\t<div class=\"elementor-element elementor-element-3dff877 e-con-full e-flex e-con e-child\" data-id=\"3dff877\" data-element_type=\"container\" data-e-type=\"container\">\n\t\t<div class=\"elementor-element elementor-element-42cfbcc e-con-full e-flex e-con e-child\" data-id=\"42cfbcc\" data-element_type=\"container\" data-e-type=\"container\">\n\t\t\t\t<div class=\"elementor-element elementor-element-9d99d96 e-transform elementor-invisible elementor-widget elementor-widget-image\" data-id=\"9d99d96\" data-element_type=\"widget\" data-e-type=\"widget\" data-settings=\"{&quot;_animation&quot;:&quot;fadeInRight&quot;,&quot;_transform_scale_effect_hover&quot;:{&quot;unit&quot;:&quot;px&quot;,&quot;size&quot;:1.1,&quot;sizes&quot;:[]},&quot;_transform_scale_effect_hover_tablet&quot;:{&quot;unit&quot;:&quot;px&quot;,&quot;size&quot;:&quot;&quot;,&quot;sizes&quot;:[]},&quot;_transform_scale_effect_hover_mobile&quot;:{&quot;unit&quot;:&quot;px&quot;,&quot;size&quot;:&quot;&quot;,&quot;sizes&quot;:[]}}\" data-widget_type=\"image.default\">\n\t\t\t\t\t\t\t\t\t\t\t\t\t\t\t<img fetchpriority=\"high\" decoding=\"async\" width=\"229\" height=\"300\" src=\"https:\/\/test.jazz-en-herbe.fr\/wp-content\/uploads\/2026\/03\/Fichier-25@4x-229x300.png\" class=\"attachment-medium size-medium wp-image-80\" alt=\"\" srcset=\"https:\/\/test.jazz-en-herbe.fr\/wp-content\/uploads\/2026\/03\/Fichier-25@4x-229x300.png 229w, https:\/\/test.jazz-en-herbe.fr\/wp-content\/uploads\/2026\/03\/Fichier-25@4x.png 539w\" sizes=\"(max-width: 229px) 100vw, 229px\" \/>\t\t\t\t\t\t\t\t\t\t\t\t\t\t\t<\/div>\n\t\t\t\t<\/div>\n\t\t<div class=\"elementor-element elementor-element-6701688 e-con-full e-flex e-con e-child\" data-id=\"6701688\" data-element_type=\"container\" data-e-type=\"container\">\n\t\t\t\t<div class=\"elementor-element elementor-element-5fe426a e-transform elementor-invisible elementor-widget elementor-widget-heading\" data-id=\"5fe426a\" data-element_type=\"widget\" data-e-type=\"widget\" data-settings=\"{&quot;_animation&quot;:&quot;fadeInRight&quot;,&quot;_transform_scale_effect&quot;:{&quot;unit&quot;:&quot;px&quot;,&quot;size&quot;:1.1,&quot;sizes&quot;:[]},&quot;_transform_scale_effect_tablet&quot;:{&quot;unit&quot;:&quot;px&quot;,&quot;size&quot;:&quot;&quot;,&quot;sizes&quot;:[]},&quot;_transform_scale_effect_mobile&quot;:{&quot;unit&quot;:&quot;px&quot;,&quot;size&quot;:&quot;&quot;,&quot;sizes&quot;:[]}}\" data-widget_type=\"heading.default\">\n\t\t\t\t\t<h2 class=\"elementor-heading-title elementor-size-default\">Les 40 ans de Jazz en Herbe<\/h2>\t\t\t\t<\/div>\n\t\t<div class=\"elementor-element elementor-element-938f37f e-grid e-con-full e-con e-child\" data-id=\"938f37f\" data-element_type=\"container\" data-e-type=\"container\">\n\t\t\t\t<div class=\"elementor-element elementor-element-6cb39e5 elementor-invisible elementor-widget elementor-widget-text-editor\" data-id=\"6cb39e5\" data-element_type=\"widget\" data-e-type=\"widget\" data-settings=\"{&quot;_animation&quot;:&quot;fadeInLeft&quot;}\" data-widget_type=\"text-editor.default\">\n\t\t\t\t\t\t\t\t\t<p>session 1<br \/>du 8 au 17 juillet<\/p>\t\t\t\t\t\t\t\t<\/div>\n\t\t\t\t<div class=\"elementor-element elementor-element-bc11864 elementor-invisible elementor-widget elementor-widget-text-editor\" data-id=\"bc11864\" data-element_type=\"widget\" data-e-type=\"widget\" data-settings=\"{&quot;_animation&quot;:&quot;fadeInLeft&quot;}\" data-widget_type=\"text-editor.default\">\n\t\t\t\t\t\t\t\t\t<p>session 2<br \/>du 22 au 31 juillet<\/p>\t\t\t\t\t\t\t\t<\/div>\n\t\t\t\t<div class=\"elementor-element elementor-element-ffe65ff elementor-widget elementor-widget-text-editor\" data-id=\"ffe65ff\" data-element_type=\"widget\" data-e-type=\"widget\" data-widget_type=\"text-editor.default\">\n\t\t\t\t\t\t\t\t\t<p>Lorem ipsum dolor sit amet, consectetur adipiscing elit. Ut elit tellus, luctus nec ullamcorper mattis, pulvinar dapibus leo.<\/p>\t\t\t\t\t\t\t\t<\/div>\n\t\t\t\t<div class=\"elementor-element elementor-element-9fa823c elementor-widget elementor-widget-text-editor\" data-id=\"9fa823c\" data-element_type=\"widget\" data-e-type=\"widget\" data-widget_type=\"text-editor.default\">\n\t\t\t\t\t\t\t\t\t<p>Lorem ipsum dolor sit amet, consectetur adipiscing elit. Ut elit tellus, luctus nec ullamcorper mattis, pulvinar dapibus leo.<\/p>\t\t\t\t\t\t\t\t<\/div>\n\t\t\t\t<\/div>\n\t\t\t\t<\/div>\n\t\t\t\t<\/div>\n\t\t\t\t<\/div>\n\t\t<div class=\"elementor-element elementor-element-4bcab59 e-con-full e-flex e-con e-child\" data-id=\"4bcab59\" data-element_type=\"container\" data-e-type=\"container\">\n\t\t<div class=\"elementor-element elementor-element-486e2f2 e-con-full e-flex e-con e-child\" data-id=\"486e2f2\" data-element_type=\"container\" data-e-type=\"container\">\n\t\t<div class=\"elementor-element elementor-element-32d4c7c e-con-full e-flex e-con e-child\" data-id=\"32d4c7c\" data-element_type=\"container\" data-e-type=\"container\">\n\t\t\t\t<div class=\"elementor-element elementor-element-ed24fbb elementor-widget elementor-widget-google_maps\" data-id=\"ed24fbb\" data-element_type=\"widget\" data-e-type=\"widget\" data-widget_type=\"google_maps.default\">\n\t\t\t\t\t\t\t<div class=\"elementor-custom-embed\">\n\t\t\t<iframe loading=\"lazy\"\n\t\t\t\t\tsrc=\"https:\/\/maps.google.com\/maps?q=Tournus&#038;t=m&#038;z=10&#038;output=embed&#038;iwloc=near\"\n\t\t\t\t\ttitle=\"Tournus\"\n\t\t\t\t\taria-label=\"Tournus\"\n\t\t\t><\/iframe>\n\t\t<\/div>\n\t\t\t\t\t\t<\/div>\n\t\t\t\t<div class=\"elementor-element elementor-element-1e7984d elementor-widget elementor-widget-text-editor\" data-id=\"1e7984d\" data-element_type=\"widget\" data-e-type=\"widget\" data-widget_type=\"text-editor.default\">\n\t\t\t\t\t\t\t\t\t<p>Les 40 ans de Jazz en Herbe se d\u00e9rouleront \u00e0 la Maison Familiale Rurale \u00e0 Pont-de-Veyle (01).<\/p>\t\t\t\t\t\t\t\t<\/div>\n\t\t\t\t<\/div>\n\t\t<div class=\"elementor-element elementor-element-950adf0 e-con-full e-flex e-con e-child\" data-id=\"950adf0\" data-element_type=\"container\" data-e-type=\"container\">\n\t\t\t\t<div class=\"elementor-element elementor-element-5b3b9af elementor-widget elementor-widget-text-editor\" data-id=\"5b3b9af\" data-element_type=\"widget\" data-e-type=\"widget\" data-widget_type=\"text-editor.default\">\n\t\t\t\t\t\t\t\t\t<p>Les stages se d\u00e9rouleront \u00e0 la Maison Familiale Rurale \u00e0 Pont-de-Veyle (01).<em><br \/>Une pratique musicale de 3 ans minimum est requise. Tous les instruments sont les bienvenus ! (Nombre de places limit\u00e9 pour batterie\/piano\/guitare\/basse)<\/em><\/p><p>Tarif : 545 \u20ac (510 \u20ac \u00e0 partir du 2\u00e8me enfant)<br \/>Les diff\u00e9rents moyens de paiement : <a href=\"https:\/\/jazz-en-herbe.fr\/wp-content\/uploads\/2026\/01\/Modes-de-reglement-2026.pdf\" target=\"_blank\" rel=\"noopener\">ici<\/a><\/p><p>Ces stages se d\u00e9roulent en pension compl\u00e8te, avec 48 stagiaires au maximum. Lorem ipsum dolor sit amet, consectetur adipiscing elit. Ut elit tellus, luctus nec ullamcorper mattis, pulvinar dapibus leo.<\/p>\t\t\t\t\t\t\t\t<\/div>\n\t\t\t\t<\/div>\n\t\t\t\t<\/div>\n\t\t\t\t<\/div>\n\t\t\t\t<div class=\"elementor-element elementor-element-6a8c663 elementor-widget elementor-widget-spacer\" data-id=\"6a8c663\" data-element_type=\"widget\" data-e-type=\"widget\" data-widget_type=\"spacer.default\">\n\t\t\t\t\t\t\t<div class=\"elementor-spacer\">\n\t\t\t<div class=\"elementor-spacer-inner\"><\/div>\n\t\t<\/div>\n\t\t\t\t\t\t<\/div>\n\t\t\t\t\t<\/div>\n\t\t\t\t<\/div>\n\t\t\t\t<\/div>\n\t\t","protected":false},"excerpt":{"rendered":"<p>Les 40 ans de Jazz en Herbe session 1du 8 au 17 juillet session 2du 22 au 31 juillet Lorem ipsum dolor sit amet, consectetur adipiscing elit. Ut elit tellus, luctus nec ullamcorper mattis, pulvinar dapibus leo. Lorem ipsum dolor sit amet, consectetur adipiscing elit. Ut elit tellus, luctus nec ullamcorper mattis, pulvinar dapibus leo. [&hellip;]<\/p>\n","protected":false},"author":1,"featured_media":0,"parent":0,"menu_order":0,"comment_status":"closed","ping_status":"closed","template":"elementor_header_footer","meta":{"footnotes":""},"class_list":["post-309","page","type-page","status-publish","hentry"],"_links":{"self":[{"href":"https:\/\/test.jazz-en-herbe.fr\/index.php\/wp-json\/wp\/v2\/pages\/309","targetHints":{"allow":["GET"]}}],"collection":[{"href":"https:\/\/test.jazz-en-herbe.fr\/index.php\/wp-json\/wp\/v2\/pages"}],"about":[{"href":"https:\/\/test.jazz-en-herbe.fr\/index.php\/wp-json\/wp\/v2\/types\/page"}],"author":[{"embeddable":true,"href":"https:\/\/test.jazz-en-herbe.fr\/index.php\/wp-json\/wp\/v2\/users\/1"}],"replies":[{"embeddable":true,"href":"https:\/\/test.jazz-en-herbe.fr\/index.php\/wp-json\/wp\/v2\/comments?post=309"}],"version-history":[{"count":4,"href":"https:\/\/test.jazz-en-herbe.fr\/index.php\/wp-json\/wp\/v2\/pages\/309\/revisions"}],"predecessor-version":[{"id":314,"href":"https:\/\/test.jazz-en-herbe.fr\/index.php\/wp-json\/wp\/v2\/pages\/309\/revisions\/314"}],"wp:attachment":[{"href":"https:\/\/test.jazz-en-herbe.fr\/index.php\/wp-json\/wp\/v2\/media?parent=309"}],"curies":[{"name":"wp","href":"https:\/\/api.w.org\/{rel}","templated":true}]}}